{"id":48,"date":"2025-09-24T05:57:43","date_gmt":"2025-09-24T05:57:43","guid":{"rendered":"https:\/\/alqamarmarkt.com\/?page_id=48"},"modified":"2025-10-01T13:13:46","modified_gmt":"2025-10-01T10:13:46","slug":"services","status":"publish","type":"page","link":"https:\/\/alqamarmarkt.com\/fr\/services\/","title":{"rendered":"Services"},"content":{"rendered":"\t\t<div data-elementor-type=\"wp-page\" data-elementor-id=\"48\" class=\"elementor elementor-48\">\n\t\t\t\t<div class=\"elementor-element elementor-element-bdc29e6 e-flex e-con-boxed e-con e-parent\" data-id=\"bdc29e6\" data-element_type=\"container\" data-settings=\"{&quot;background_background&quot;:&quot;classic&quot;}\">\n\t\t\t\t\t<div class=\"e-con-inner\">\n\t\t\t\t<div class=\"elementor-element elementor-element-bcf49cd elementor-widget elementor-widget-html\" data-id=\"bcf49cd\" data-element_type=\"widget\" data-widget_type=\"html.default\">\n\t\t\t\t\t<section class=\"container-1200\" style=\"padding:40px 0\">\r\n  <h1 class=\"alq-h1\">Nos Services<\/h1>\r\n  <div class=\"grid-3\">\r\n    <div class=\"alq-card\"><h3 class=\"alq-h3\">Formation & coaching<\/h3><p>Ateliers, e-learning, coaching 1:1.<\/p><\/div>\r\n    <div class=\"alq-card\"><h3 class=\"alq-h3\">Sites web & e-commerce<\/h3><p>WordPress\/Elementor, UX\/UI, SEO, paiements.<\/p><\/div>\r\n    <div class=\"alq-card\"><h3 class=\"alq-h3\">Marketing digital<\/h3><p>Social media, Ads, contenus FR\/EN\/AR.<\/p><\/div>\r\n    <div class=\"alq-card\"><h3 class=\"alq-h3\">Traduction & contenu<\/h3><p>Localisation, scripts vid\u00e9o.<\/p><\/div>\r\n    <div class=\"alq-card\"><h3 class=\"alq-h3\">Bases de donn\u00e9es<\/h3><p>Mod\u00e9lisation, int\u00e9gration, dashboards.<\/p><\/div>\r\n    <div class=\"alq-card\"><h3 class=\"alq-h3\">Identit\u00e9 visuelle<\/h3><p>Logos, chartes, vid\u00e9os.<\/p><\/div>\r\n  <\/div>\r\n<\/section>\r\n\t\t\t\t<\/div>\n\t\t\t\t\t<\/div>\n\t\t\t\t<\/div>\n\t\t\t\t<\/div>\n\t\t","protected":false},"excerpt":{"rendered":"<p>Nos Services Formation &#038; coaching Ateliers, e-learning, coaching 1:1. Sites web &#038; e-commerce WordPress\/Elementor, UX\/UI, SEO, paiements. Marketing digital Social media, Ads, contenus FR\/EN\/AR. Traduction &#038; contenu Localisation, scripts vid\u00e9o. Bases de donn\u00e9es Mod\u00e9lisation, int\u00e9gration, dashboards. Identit\u00e9 visuelle Logos, chartes, vid\u00e9os.<\/p>\n","protected":false},"author":1,"featured_media":0,"parent":0,"menu_order":0,"comment_status":"closed","ping_status":"closed","template":"","meta":{"footnotes":""},"class_list":["post-48","page","type-page","status-publish","hentry"],"_hostinger_reach_plugin_has_subscription_block":false,"_hostinger_reach_plugin_is_elementor":false,"_links":{"self":[{"href":"https:\/\/alqamarmarkt.com\/fr\/wp-json\/wp\/v2\/pages\/48","targetHints":{"allow":["GET"]}}],"collection":[{"href":"https:\/\/alqamarmarkt.com\/fr\/wp-json\/wp\/v2\/pages"}],"about":[{"href":"https:\/\/alqamarmarkt.com\/fr\/wp-json\/wp\/v2\/types\/page"}],"author":[{"embeddable":true,"href":"https:\/\/alqamarmarkt.com\/fr\/wp-json\/wp\/v2\/users\/1"}],"replies":[{"embeddable":true,"href":"https:\/\/alqamarmarkt.com\/fr\/wp-json\/wp\/v2\/comments?post=48"}],"version-history":[{"count":10,"href":"https:\/\/alqamarmarkt.com\/fr\/wp-json\/wp\/v2\/pages\/48\/revisions"}],"predecessor-version":[{"id":208,"href":"https:\/\/alqamarmarkt.com\/fr\/wp-json\/wp\/v2\/pages\/48\/revisions\/208"}],"wp:attachment":[{"href":"https:\/\/alqamarmarkt.com\/fr\/wp-json\/wp\/v2\/media?parent=48"}],"curies":[{"name":"wp","href":"https:\/\/api.w.org\/{rel}","templated":true}]}}