{"id":65,"date":"2025-09-24T06:10:08","date_gmt":"2025-09-24T06:10:08","guid":{"rendered":"https:\/\/alqamarmarkt.com\/?page_id=65"},"modified":"2025-10-13T10:11:22","modified_gmt":"2025-10-13T07:11:22","slug":"realisations","status":"publish","type":"page","link":"https:\/\/alqamarmarkt.com\/ar\/realisations\/","title":{"rendered":"\u0625\u0646\u062c\u0627\u0632\u0627\u062a\u0646\u0627"},"content":{"rendered":"<div data-elementor-type=\"wp-page\" data-elementor-id=\"65\" class=\"elementor elementor-65\">\n\t\t\t\t<div class=\"elementor-element elementor-element-a1044de e-flex e-con-boxed e-con e-parent\" data-id=\"a1044de\" data-element_type=\"container\" data-settings=\"{&quot;background_background&quot;:&quot;classic&quot;}\">\n\t\t\t\t\t<div class=\"e-con-inner\">\n\t\t<div class=\"elementor-element elementor-element-390aa5b e-con-full e-flex e-con e-child\" data-id=\"390aa5b\" data-element_type=\"container\">\n\t\t\t\t<div class=\"elementor-element elementor-element-0dd3260 elementor-widget elementor-widget-html\" data-id=\"0dd3260\" data-element_type=\"widget\" data-widget_type=\"html.default\">\n\t\t\t\t\t<!-- =========================\r\n     ALQAMAR DIGITAL \u2014 R\u00e9alisations (bloc ind\u00e9pendant)\r\n     ========================= -->\r\n\r\n<style>\r\n  \/* Section ind\u00e9pendante avec fond optionnel *\/\r\n  #realisations-intro.alq-bg{\r\n    position:relative; isolation:isolate; padding:32px 0;\r\n  }\r\n  #realisations-intro.alq-bg::before{\r\n    content:\"\"; position:absolute; inset:0;\r\n    background-image:url(\"\");            \/* \u2190 OPTIONNEL : colle ici l\u2019URL de ton image *\/\r\n    background-size:cover; background-position:center; background-repeat:no-repeat;\r\n    z-index:-2; transform:translateZ(0);\r\n  }\r\n  \/* Voile pour lisibilit\u00e9 du texte (ajuste l\u2019opacit\u00e9 si besoin) *\/\r\n  #realisations-intro.alq-bg::after{\r\n    content:\"\"; position:absolute; inset:0;\r\n    background:linear-gradient(0deg, rgba(9,18,31,.35), rgba(9,18,31,.35));\r\n    z-index:-1;\r\n  }\r\n\r\n  \/* Petites aides de mise en page *\/\r\n  .rlz-lead{font-size:18px; opacity:.95; margin:8px 0 0}\r\n  .rlz-list{margin:10px 0 0; padding:0; list-style:none}\r\n  .rlz-list li{padding:8px 0; border-top:1px solid rgba(255,255,255,.08)}\r\n  .rlz-list li:first-child{border-top:0}\r\n  .alq-btn-row{display:flex; gap:10px; flex-wrap:wrap; margin-top:14px}\r\n<\/style>\r\n\r\n<section id=\"realisations-intro\" class=\"container-1200 alq-bg\">\r\n  <div class=\"alq-card\" style=\"margin-bottom:18px\">\r\n    <h2 class=\"alq-h2\" style=\"margin:0 0 6px\">\u0625\u0646\u062c\u0627\u0632\u0627\u062a\u0646\u0627<\/h2>\r\n    <p class=\"rlz-lead\">\r\n      \u0645\u0634\u0627\u0631\u064a\u0639 \u062a\u064f\u062c\u0633\u0651\u062f \u0634\u063a\u0641\u0646\u0627\u060c \u0648\u0625\u0628\u062f\u0627\u0639\u0627\u062a\u0646\u0627\u060c \u0648\u0627\u0644\u062a\u0632\u0627\u0645\u0627\u062a\u0646\u0627.\n\u0641\u064a \u0634\u0631\u0643\u0629 <b>\u0627\u0644\u0641\u0645\u0631 \u062f\u064a\u062c\u064a\u062a\u0627\u0644(ALQAMAR DIGITAL)<\/b>\u0643\u0644 \u0645\u0634\u0631\u0648\u0639 \u0647\u0648 \u0642\u0635\u0629 \u062a\u0639\u0627\u0648\u0646 \u0648\u0627\u0628\u062a\u0643\u0627\u0631 \u0648\u0646\u062c\u0627\u062d.\n\u0646\u0631\u0627\u0641\u0642 \u0627\u0644\u0634\u0631\u0643\u0627\u062a \u0648\u0627\u0644\u0645\u0624\u0633\u0633\u0627\u062a \u0648\u0631\u0648\u0627\u062f \u0627\u0644\u0623\u0639\u0645\u0627\u0644 \u0644\u062a\u062d\u0648\u064a\u0644 \u0623\u0641\u0643\u0627\u0631\u0647\u0645 \u0625\u0644\u0649\r\n      <b>\u0646\u062a\u0627\u0626\u062c \u062d\u0642\u064a\u0642\u064a\u0629 \u0648\u0645\u0644\u0645\u0648\u0633\u0629<\/b>.\r\n    <\/p>\r\n  <\/div>\r\n\r\n  <div class=\"grid-2\" style=\"gap:18px\">\r\n    <!-- Colonne gauche : Projets r\u00e9alis\u00e9s -->\r\n    <div class=\"alq-card\">\r\n      <h3 class=\"alq-h3\" style=\"margin:0 0 6px\">\ud83d\udcbc \u0627\u0644\u0645\u0634\u0627\u0631\u064a\u0639 \u0627\u0644\u0645\u0646\u062c\u0632\u0629<\/h3>\r\n      <ul class=\"rlz-list\">\r\n        <li>\r\n          <b>\u0661) \u0625\u0646\u0634\u0627\u0621 \u0645\u0648\u0627\u0642\u0639 \u0625\u0644\u0643\u062a\u0631\u0648\u0646\u064a\u0629 \u0627\u062d\u062a\u0631\u0627\u0641\u064a\u0629<\/b><br>\r\n          \u0645\u0648\u0627\u0642\u0639 \u0639\u0635\u0631\u064a\u0629 \u0648\u0645\u062a\u062c\u0627\u0648\u0628\u0629 \u0648\u0645\u062a\u0639\u062f\u062f\u0629 \u0627\u0644\u0644\u063a\u0627\u062a (\u0641\u064a \u0645\u062c\u0627\u0644\u0627\u062a \u0627\u0644\u062a\u0639\u0644\u064a\u0645\u060c \u0627\u0644\u062a\u062c\u0627\u0631\u0629 \u0627\u0644\u0625\u0644\u0643\u062a\u0631\u0648\u0646\u064a\u0629\u060c \u0627\u0644\u0635\u062d\u0629\u060c \u0648\u0627\u0644\u062e\u062f\u0645\u0627\u062a)\u060c\n\u062a\u062a\u0645\u064a\u0632 \u0628\u0627\u0644\u0623\u062f\u0627\u0621 \u0627\u0644\u0639\u0627\u0644\u064a\u060c \u0648\u0627\u0644\u0623\u0645\u0627\u0646\u060c \u0648\u062a\u062d\u0633\u064a\u0646 \u0627\u0644\u0638\u0647\u0648\u0631 \u0641\u064a \u0645\u062d\u0631\u0643\u0627\u062a \u0627\u0644\u0628\u062d\u062b (SEO).\r\n        <\/li>\r\n        <li>\r\n          <b>\u0662) \ud83c\udfaf \u062d\u0645\u0644\u0627\u062a \u0627\u0644\u062a\u0633\u0648\u064a\u0642 \u0627\u0644\u0631\u0642\u0645\u064a<\/b><br>\r\n          \u0625\u0639\u0644\u0627\u0646\u0627\u062a \u0639\u0644\u0649 \u0641\u064a\u0633\u0628\u0648\u0643 \/ \u0625\u0646\u0633\u062a\u063a\u0631\u0627\u0645 \/ \u062c\u0648\u062c\u0644 \u0644\u0632\u064a\u0627\u062f\u0629 \u0627\u0644\u0648\u0639\u064a \u0628\u0627\u0644\u0639\u0644\u0627\u0645\u0629 \u0627\u0644\u062a\u062c\u0627\u0631\u064a\u0629\u060c \u0648\u062c\u0630\u0628 \u0632\u064a\u0627\u0631\u0627\u062a \u0645\u0633\u062a\u0647\u062f\u0641\u0629\u060c \u0648\u062a\u062d\u0642\u064a\u0642 \u0627\u0644\u062a\u062d\u0648\u064a\u0644\u0627\u062a \u2014\n\u0646\u062a\u0627\u0626\u062c \u0642\u0627\u0628\u0644\u0629 \u0644\u0644\u0642\u064a\u0627\u0633 (\u0639\u0645\u0644\u0627\u0621\u060c \u0645\u0628\u064a\u0639\u0627\u062a\u060c \u0648\u062a\u0623\u062b\u064a\u0631 \u0641\u0639\u0644\u064a).\r\n        <\/li>\r\n        <li>\r\n          <b>\u0663)  \u0627\u0644\u062f\u0648\u0631\u0627\u062a \u0627\u0644\u062a\u062f\u0631\u064a\u0628\u064a\u0629 \u0648\u0627\u0644\u0645\u0631\u0627\u0641\u0642\u0629 \u0627\u0644\u0645\u0647\u0646\u064a\u0629<\/b><br>\r\n          \u062a\u062f\u0631\u064a\u0628 \u0627\u0644\u0634\u0628\u0627\u0628 \u0648\u0631\u0648\u0627\u062f \u0627\u0644\u0623\u0639\u0645\u0627\u0644 \u0641\u064a \u0645\u062c\u0627\u0644\u0627\u062a \u0627\u0644\u062a\u0633\u0648\u064a\u0642 \u0627\u0644\u0631\u0642\u0645\u064a\u060c \u0648\u0627\u0644\u062a\u062c\u0627\u0631\u0629 \u0627\u0644\u0625\u0644\u0643\u062a\u0631\u0648\u0646\u064a\u0629\u060c \u0648\u062a\u0637\u0628\u064a\u0642\u0627\u062a \u0627\u0644\u0630\u0643\u0627\u0621 \u0627\u0644\u0627\u0635\u0637\u0646\u0627\u0639\u064a \u060c \u0648\u0627\u0644\u0642\u064a\u0627\u062f\u0629 \u2014\n\u0628\u0623\u0633\u0627\u0644\u064a\u0628 \u0639\u0645\u0644\u064a\u0629 \u0648\u0645\u0648\u062c\u0647\u0629 \u0646\u062d\u0648 \u062a\u062d\u0642\u064a\u0642 \u0627\u0644\u0646\u062a\u0627\u0626\u062c.\r\n        <\/li>\r\n        <li>\r\n          <b>\u0627\u0644\u062a\u0635\u0645\u064a\u0645 \u0648\u0627\u0644\u0625\u0646\u062a\u0627\u062c \u0627\u0644\u0631\u0642\u0645\u064a<\/b><br>\r\n          \u062a\u0635\u0645\u064a\u0645 \u0627\u0644\u0634\u0639\u0627\u0631\u0627\u062a\u060c \u0648\u0627\u0644\u0647\u0648\u064a\u0627\u062a \u0627\u0644\u0628\u0635\u0631\u064a\u0629\u060c \u0648\u0627\u0644\u0645\u0644\u0635\u0642\u0627\u062a\u060c \u0648\u0627\u0644\u0641\u064a\u062f\u064a\u0648\u0647\u0627\u062a\u060c \u0648\u0645\u062d\u062a\u0648\u0649 \u0648\u0633\u0627\u0626\u0644 \u0627\u0644\u062a\u0648\u0627\u0635\u0644 \u0627\u0644\u0627\u062c\u062a\u0645\u0627\u0639\u064a\n\u0644\u062a\u0639\u0632\u064a\u0632 \u0627\u0644\u0635\u0648\u0631\u0629 \u0627\u0644\u0627\u062d\u062a\u0631\u0627\u0641\u064a\u0629 \u0644\u0644\u0639\u0644\u0627\u0645\u0629 \u0627\u0644\u062a\u062c\u0627\u0631\u064a\u0629.\r\n        <\/li>\r\n        <li>\r\n          <b>\u0665) \u0627\u0644\u062a\u0631\u062c\u0645\u0629 \u0648\u062a\u0639\u062f\u062f \u0627\u0644\u0644\u063a\u0627\u062a<\/b><br>\r\n          \u062a\u0631\u062c\u0645\u0627\u062a  \u0628\u0627\u0644\u0644\u063a\u0627\u062a \u0627\u0644\u0641\u0631\u0646\u0633\u064a\u0629 \u0648\u0627\u0644\u0625\u0646\u062c\u0644\u064a\u0632\u064a\u0629 \u0648\u0627\u0644\u0639\u0631\u0628\u064a\u0629 (\u0648\u0627\u0644\u0635\u064a\u0646\u064a\u0629) \u0644\u0644\u0648\u0635\u0648\u0644 \u0625\u0644\u0649 \u062c\u0645\u0647\u0648\u0631 \u062f\u0648\u0644\u064a \u0648\u062a\u0648\u0633\u064a\u0639 \u0646\u0637\u0627\u0642 \u0627\u0644\u0627\u0646\u062a\u0634\u0627\u0631.\r\n        <\/li>\r\n      <\/ul>\r\n    <\/div>\r\n\r\n    <!-- Colonne droite : Vision + CTA -->\r\n    <div class=\"alq-card alq-card--dark\">\r\n      <h3 class=\"alq-h3\" style=\"margin:0 0 6px\">\u0631\u0624\u064a\u062a\u0646\u0627<\/h3>\r\n      <p style=\"margin:6px 0 10px\">\r\n        \u0646\u062c\u0639\u0644 \u0645\u0646 \u0627\u0644\u062a\u062d\u0648\u0644 \u0627\u0644\u0631\u0642\u0645\u064a \u0631\u0627\u0641\u0639\u0629 \u0644\u0644\u0646\u062c\u0627\u062d \u0644\u0631\u0648\u0627\u062f \u0627\u0644\u0623\u0639\u0645\u0627\u0644 \u0648\u0627\u0644\u0634\u0631\u0643\u0627\u062a \u0641\u064a \u062c\u0645\u064a\u0639 \u0623\u0646\u062d\u0627\u0621 \u0627\u0644\u0639\u0627\u0644\u0645.\n\u0641\u0641\u0643\u0631\u0629 \u0645\u064f\u0646\u0638\u0651\u064e\u0645\u0629 \u0628\u0637\u0631\u064a\u0642\u0629 \u062c\u064a\u062f\u064b\u0627 \u0648\u0635\u062d\u064a\u062d\u0629 \u064a\u0645\u0643\u0646 \u0623\u0646 \u062a\u063a\u064a\u0651\u0631 \u062d\u064a\u0627\u0629 \u0641\u0631\u062f\u060c \u0623\u0648 \u0634\u0631\u0643\u0629\u2026 \u0623\u0648 \u062d\u062a\u0649 \u0648\u0637\u0646\u064b\u0627.\r\n      <\/p>\r\n\r\n      <div class=\"alq-btn-row\">\r\n        <a class=\"alq-btn alq-btn--primary\" href=\"\/ar\/audit-gratuit\/#audit-form\" aria-label=\"Demander un audit digital gratuit\">\r\n          \u0627\u0637\u0644\u0628 \u062a\u0642\u064a\u064a\u0645\u0627\u064b \u0645\u062c\u0627\u0646\u064a\u0627\u064b\r\n        <\/a>\r\n        <a class=\"alq-btn alq-btn--gold\" target=\"_blank\" rel=\"noopener\"\r\n           href=\"https:\/\/wa.me\/2694308800?text=Bonjour%2C%20je%20souhaite%20parler%20avec%20ALQAMAR%20DIGITAL\"\r\n           aria-label=\"Parler avec ALQAMAR sur WhatsApp\">\r\n          \u062a\u0648\u0627\u0635\u0644 \u0628\u0627\u0644\u0648\u0627\u062a\u0633\u0627\u0628\r\n        <\/a>\r\n        <a class=\"alq-btn\" href=\"https:\/\/alqamarmarkt.com\/ar\/contact\/\" target=\"_blank\" rel=\"noopener\">\r\n          \u062a\u0648\u0627\u0635\u0644 \u0645\u0639\u0646\u0627\r\n        <\/a>\r\n      <\/div>\r\n    <\/div>\r\n  <\/div>\r\n<\/section>\r\n\r\n\r\n\r\n\r\n<style>\r\n\/* ===== Rendre l'image d'arri\u00e8re-plan bien visible ===== *\/\r\n#realisations-intro{ position: relative; }\r\n\r\n\/* Si Elementor ajoute une superposition (overlay), on la neutralise *\/\r\n#realisations-intro::before,\r\n#realisations-intro::after{\r\n  background: transparent !important;\r\n  opacity: 0 !important;\r\n  pointer-events: none;\r\n}\r\n\r\n\/* Cartes en verre d\u00e9poli : on garde la lisibilit\u00e9 mais on voit l'image *\/\r\n#realisations-intro .alq-card,\r\n#realisations-intro .alq-card--dark{\r\n  background: rgba(9,18,31,0.32) !important;  \/* ajuste 0.25\u20130.45 au besoin *\/\r\n  box-shadow: 0 10px 24px rgba(0,0,0,.25);\r\n  backdrop-filter: saturate(115%) blur(2px);\r\n}\r\n\r\n\/* Si certaines cartes ont un background inline, on force la transparence *\/\r\n#realisations-intro .alq-card[style*=\"background\"],\r\n#realisations-intro .alq-card--dark[style*=\"background\"]{\r\n  background: rgba(9,18,31,0.32) !important;\r\n}\r\n\r\n\/* Texte plus \u201cpunchy\u201d au-dessus d'une photo *\/\r\n#realisations-intro h1,\r\n#realisations-intro h2,\r\n#realisations-intro h3,\r\n#realisations-intro p,\r\n#realisations-intro li{\r\n  color: #fff;\r\n  text-shadow: 0 1px 2px rgba(0,0,0,.35);\r\n}\r\n\r\n\/* Optionnel : renforcer les CTA *\/\r\n#realisations-intro .alq-btn{\r\n  box-shadow: 0 6px 14px rgba(0,0,0,.25);\r\n}\r\n\r\n\/* \u2014\u2014\u2014 OPTION : d\u00e9finir l\u2019image ici au lieu de l\u2019UI Elementor \u2014\u2014\u2014\r\n   D\u00e9commente si tu pr\u00e9f\u00e8res fixer l'image en CSS plut\u00f4t que dans Elementor. *\/\r\n\/*\r\n#realisations-intro{\r\n  background:\r\n    linear-gradient(0deg, rgba(9,18,31,.12), rgba(9,18,31,.12)),\r\n    url('http:\/\/alqamarmarkt.com\/wp-content\/uploads\/2025\/10\/IMAGE-BUREAU-DG1.jpg') center \/ cover no-repeat;\r\n  background-attachment: scroll;  \/* ou fixed pour un effet parallax *\/\r\n}\r\n*\/\r\n<\/style>\r\n\r\n\r\n\r\n\r\n\t\t\t\t<\/div>\n\t\t\t\t<\/div>\n\t\t\t\t<div class=\"elementor-element elementor-element-45c54c8 elementor-widget elementor-widget-html\" data-id=\"45c54c8\" data-element_type=\"widget\" data-widget_type=\"html.default\">\n\t\t\t\t\t<!-- ========== ALQAMAR \u2014 R\u00c9ALISATIONS ========== -->\r\n<section class=\"container-1200\" style=\"padding:56px 0\">\r\n\r\n  <!-- HERO -->\r\n  <div class=\"grid-2\">\r\n    <div class=\"alq-card\">\r\n      <h1 class=\"alq-h1\">\u0625\u0646\u062c\u0627\u0632\u0627\u062a\u0646\u0627<\/h1>\r\n      <p style=\"font-size:18px;opacity:.92\">\r\n        \u062f\u0631\u0627\u0633\u0627\u062a \u062d\u0627\u0644\u0629 \u0645\u064f\u062f\u0639\u0651\u064e\u0645\u0629 \u0628\u0627\u0644\u0623\u0631\u0642\u0627\u0645: <b>\u0627\u0644\u0647\u062f\u0641 \u2192 \u0627\u0644\u062d\u0644 \u2192 \u0627\u0644\u0646\u062a\u064a\u062c\u0629<\/b>\u062a\u0631\u0643\u064a\u0632 \u0639\u0644\u0649 \u0627\u0644\u0646\u0645\u0648\u060c \u0648\u0627\u0644\u062a\u062d\u0648\u064a\u0644\u060c \u0648\u0648\u0636\u0648\u062d \u0627\u0644\u0628\u064a\u0627\u0646\u0627\u062a.\r\n      <\/p>\r\n    <\/div>\r\n    <div class=\"alq-card alq-card--dark\">\r\n      <h2 class=\"alq-h2\">\u0645\u0627 \u0627\u0644\u0630\u064a \u0646\u0642\u064a\u0633\u0647\u061f<\/h2>\r\n      <ul style=\"margin-top:6px\">\r\n        <li>\u2192 \u062d\u0631\u0643\u0627\u062a \u0627\u0644\u0632\u0648\u0627\u0631 \u0627\u0644\u0645\u0633\u062a\u0647\u062f\u0641\u0629 \u0648\u0648\u0636\u0648\u062d \u0627\u0644\u0631\u0624\u064a\u0629<\/li>\r\n        <li>\u2192 \u0627\u0644\u062a\u062d\u0648\u064a\u0644\u0627\u062a \u0648\u0627\u0644\u0625\u064a\u0631\u0627\u062f\u0627\u062a<\/li>\r\n        <li>\u2192 \u0627\u0644\u0648\u0642\u062a \u0627\u0644\u0644\u0627\u0632\u0645 \u0628\u064a\u0646 \u0627\u0644\u0641\u0643\u0631\u0629 \u0627\u0644\u0623\u0648\u0644\u064a\u0629 \u0648\u0625\u0637\u0644\u0627\u0642 \u0627\u0644\u0645\u0646\u062a\u062c \u0623\u0648 \u0627\u0644\u062e\u062f\u0645\u0629 \u0641\u064a \u0627\u0644\u0633\u0648\u0642.<\/li>\r\n        <li>\u2192 \u0631\u0636\u0627 \u0627\u0644\u0639\u0645\u0644\u0627\u0621 \u0648\u0627\u0644\u0641\u0631\u064a\u0642<\/li>\r\n      <\/ul>\r\n    <\/div>\r\n  <\/div>\r\n\r\n  <!-- CAS GRID -->\r\n  <div class=\"grid-3\" style=\"margin-top:24px\">\r\n\r\n    <article class=\"alq-card\">\r\n      <h3 class=\"alq-h3\">\u0625\u0639\u0627\u062f\u0629 \u062a\u0635\u0645\u064a\u0645 \u0645\u062a\u062c\u0631 \u0625\u0644\u0643\u062a\u0631\u0648\u0646\u064a (\u0645\u062c\u0627\u0644 \u0627\u0644\u0645\u0648\u0636\u0629)<\/h3>\r\n      <p><b>\u0642\u0628\u0644:<\/b> \u0627\u0644\u0645\u0648\u0642\u0639 \u0628\u0637\u064a\u0621\u060c \u0648\u0646\u0633\u0628\u0629 \u0627\u0644\u062a\u062e\u0644\u064a \u0639\u0646 \u0633\u0644\u0629 \u0627\u0644\u0645\u0634\u062a\u0631\u064a\u0627\u062a \u0645\u0631\u062a\u0641\u0639\u0629.<\/p>\r\n      <p><b>\u0627\u0644\u0625\u062c\u0631\u0627\u0621\u0627\u062a:<\/b> \u062a\u0635\u0645\u064a\u0645 \u062c\u062f\u064a\u062f\u060c \u0635\u0641\u062d\u0627\u062a \u0645\u0646\u062a\u062c\u0627\u062a \u0645\u062d\u0633\u0651\u0646\u0629\u060c \u0645\u0633\u0627\u0631 \u0634\u0631\u0627\u0621 \u0645\u0628\u0633\u0651\u0637\u060c \u0648\u0633\u0627\u0626\u0644 \u062f\u0641\u0639 \u0645\u062d\u0644\u064a\u0629\u060c \u0648\u062a\u062d\u0633\u064a\u0646 \u0623\u0633\u0627\u0633\u064a \u0644\u0645\u062d\u0631\u0643\u0627\u062a \u0627\u0644\u0628\u062d\u062b (SEO).<\/p>\r\n      <p><b>\u0627\u0644\u0646\u062a\u0627\u0626\u062c \u062e\u0644\u0627\u0644 \u0669\u0660 \u064a\u0648\u0645\u064b\u0627:<\/b> +\u0666\u0662\u066a \u0632\u064a\u0627\u062f\u0629 \u0641\u064a \u0631\u0642\u0645 \u0627\u0644\u0645\u0639\u0627\u0645\u0644\u0627\u062a\u060c\n+\u0663\u0668\u066a \u0641\u064a \u0645\u062a\u0648\u0633\u0637 \u0633\u0644\u0629 \u0627\u0644\u0645\u0634\u062a\u0631\u064a\u0627\u062a\u060c\n\u0648\u0632\u0645\u0646 \u062a\u062d\u0645\u064a\u0644 \u0661\u066b\u0668 \u062b\u0627\u0646\u064a\u0629 \u0641\u0642\u0637.<\/p>\r\n      <div class=\"tag\">\u0648\u0648\u0631\u062f\u0628\u0631\u064a\u0633 \/ \u0625\u0644\u064a\u0645\u0646\u062a\u0648\u0631 (WordPress \/ Elementor)<\/div> <div class=\"tag\">\u062a\u062c\u0631\u0628\u0629 \u0627\u0644\u0645\u0633\u062a\u062e\u062f\u0645 \/ \u0648\u0627\u062c\u0647\u0629 \u0627\u0644\u0645\u0633\u062a\u062e\u062f\u0645 (UX \/ UI)<\/div> <div class=\"tag\">\u062a\u062d\u0633\u064a\u0646 \u0645\u062d\u0631\u0643\u0627\u062a \u0627\u0644\u0628\u062d\u062b (SEO)<\/div>\r\n    <\/article>\r\n\r\n    <article class=\"alq-card\">\r\n      <h3 class=\"alq-h3\">\u0627\u0633\u062a\u0642\u0637\u0627\u0628 \u0639\u0645\u0644\u0627\u0621 \u0627\u0644\u0634\u0631\u0643\u0627\u062a (\u0627\u0644\u062e\u062f\u0645\u0627\u062a B2B)<\/h3>\r\n      <p><b>\u0642\u0628\u0644:<\/b> \u0639\u0645\u0644\u0627\u0621 \u0645\u062d\u062a\u0645\u0644\u0648\u0646 \u063a\u064a\u0631 \u0645\u0646\u062a\u0638\u0645\u064a\u0646\u060c \u0648\u0627\u0633\u062a\u0647\u062f\u0627\u0641 \u063a\u064a\u0631 \u062f\u0642\u064a\u0642.<\/p>\r\n      <p><b>\u0627\u0644\u0625\u062c\u0631\u0627\u0621\u0627\u062a:<\/b> \u0635\u0641\u062d\u0627\u062a \u0639\u0631\u0648\u0636 \u0645\u062e\u0635\u0635\u0629\u060c \u0625\u0639\u0644\u0627\u0646\u0627\u062a \u0639\u0644\u0649 \u0644\u064a\u0646\u0643\u062f\u0625\u0646 \u0645\u0639 \u062a\u0647\u064a\u0626\u0629 \u0627\u0644\u0628\u0631\u064a\u062f \u0627\u0644\u0625\u0644\u0643\u062a\u0631\u0648\u0646\u064a (Email Warming)\u060c\n\u0633\u064a\u0646\u0627\u0631\u064a\u0648\u0647\u0627\u062a \u0645\u062a\u0627\u0628\u0639\u0629 \u0639\u0628\u0631 \u0646\u0638\u0627\u0645 \u0625\u062f\u0627\u0631\u0629 \u0627\u0644\u0639\u0644\u0627\u0642\u0627\u062a (CRM)\u060c \u0648\u0646\u0635\u0648\u0635 \u062a\u0631\u0648\u064a\u062c\u064a\u0629 \u0628\u0627\u0644\u0644\u063a\u0627\u062a \u0627\u0644\u0641\u0631\u0646\u0633\u064a\u0629 \u0648\u0627\u0644\u0625\u0646\u062c\u0644\u064a\u0632\u064a\u0629 \u0648\u0627\u0644\u0639\u0631\u0628\u064a\u0629.<\/p>\r\n      <p><b>\u0627\u0644\u0646\u062a\u0627\u0626\u062c \u062e\u0644\u0627\u0644 \u0666\u0660 \u064a\u0648\u0645\u064b\u0627:<\/b> +\u0664\u0667\u066a \u0632\u064a\u0627\u062f\u0629 \u0641\u064a \u0627\u0644\u0639\u0645\u0644\u0627\u0621 \u0627\u0644\u0645\u062d\u062a\u0645\u0644\u064a\u0646 \u0627\u0644\u0645\u0624\u0647\u0644\u064a\u0646\u060c \u0648\u0627\u0646\u062e\u0641\u0627\u0636 \u062a\u0643\u0644\u0641\u0629 \u0627\u0644\u062d\u0635\u0648\u0644 \u0639\u0644\u0649 \u0627\u0644\u0639\u0645\u064a\u0644 \u0628\u0646\u0633\u0628\u0629 \u0663\u0663\u066a.<\/p>\r\n      <div class=\"tag\">\u0627\u0644\u0625\u0639\u0644\u0627\u0646\u0627\u062a (Ads)<\/div> <div class=\"tag\">\u0643\u062a\u0627\u0628\u0629 \u0627\u0644\u0645\u062d\u062a\u0648\u0649 \u0627\u0644\u062a\u0633\u0648\u064a\u0642\u064a (Copywriting)<\/div> <div class=\"tag\">\u0627\u0644\u0623\u062a\u0645\u062a\u0629 (Automation)<\/div>\r\n    <\/article>\r\n\r\n    <article class=\"alq-card\">\r\n      <h3 class=\"alq-h3\">\u0627\u0644\u0628\u064a\u0627\u0646\u0627\u062a \u0648\u0644\u0648\u062d\u0627\u062a \u0627\u0644\u0645\u062a\u0627\u0628\u0639\u0629 (Data &amp; Dashboards)<\/h3>\r\n      <p><b>\u0642\u0628\u0644:<\/b> \u062a\u0642\u0627\u0631\u064a\u0631 \u064a\u062f\u0648\u064a\u0629 \u0648\u0642\u0631\u0627\u0631\u0627\u062a \u0645\u062a\u0623\u062e\u0631\u0629.<\/p>\r\n      <p><b>\u0627\u0644\u0625\u062c\u0631\u0627\u0621\u0627\u062a:<\/b> \u0646\u0645\u0648\u0630\u062c \u0628\u064a\u0627\u0646\u0627\u062a \u0645\u062a\u0643\u0627\u0645\u0644\u060c \u0648\u0631\u0628\u0637 \u0628\u0627\u0644\u0623\u0646\u0638\u0645\u0629 \u062f\u0648\u0646 \u0643\u0648\u062f (No-Code Integration)\u060c\n\u0648\u0644\u0648\u062d\u0629 \u062a\u062d\u0643\u0645 \u0645\u0648\u062d\u0651\u062f\u0629 \u062a\u0634\u0645\u0644 \u0627\u0644\u0645\u0628\u064a\u0639\u0627\u062a\u060c \u0627\u0644\u0632\u064a\u0627\u0631\u0627\u062a\u060c \u0648\u0627\u0644\u062a\u0643\u0627\u0644\u064a\u0641.<\/p>\r\n      <p><b>\u0627\u0644\u0646\u062a\u0627\u0626\u062c:<\/b> \u062a\u0648\u0641\u064a\u0631 \u0663 \u0633\u0627\u0639\u0627\u062a \u0623\u0633\u0628\u0648\u0639\u064a\u064b\u0627 \u0645\u0646 \u0625\u0639\u062f\u0627\u062f \u0627\u0644\u062a\u0642\u0627\u0631\u064a\u0631\u060c \u0645\u0639 \u0631\u0624\u064a\u0629 \u0623\u0648\u0636\u062d \u0644\u0644\u0639\u0627\u0626\u062f \u0639\u0644\u0649 \u0627\u0644\u0627\u0633\u062a\u062b\u0645\u0627\u0631 (ROI).<\/p>\r\n      <div class=\"tag\">\u0627\u0644\u0628\u064a\u0627\u0646\u0627\u062a<\/div> <div class=\"tag\">\u0644\u0648\u062d\u0627\u062a \u0627\u0644\u0645\u062a\u0627\u0628\u0639\u0629<\/div> <div class=\"tag\">\u0645\u0624\u0634\u0631\u0627\u062a \u0627\u0644\u0623\u062f\u0627\u0621 ( KPI)<\/div>\r\n    <\/article>\r\n\r\n  <\/div>\r\n\r\n  <!-- M\u00c9THODO -->\r\n  <div class=\"grid-4\" style=\"margin-top:22px\">\r\n    <div class=\"kpi\"><div class=\"num\">01<\/div><div class=\"txt\">\u0627\u0644\u062a\u0634\u062e\u064a\u0635 \u0648\u0627\u0644\u0623\u0647\u062f\u0627\u0641 (Diagnostic &amp; Objectifs)<\/div><\/div>\r\n    <div class=\"kpi\"><div class=\"num\">02<\/div><div class=\"txt\">\u0627\u0644\u0646\u0645\u0648\u0630\u062c \u0627\u0644\u0623\u0648\u0651\u0644\u064a \u0648\u0627\u0644\u0625\u0646\u062c\u0627\u0632\u0627\u062a \u0627\u0644\u0633\u0631\u064a\u0639\u0629 (Prototype &amp; Quick Wins)<\/div><\/div>\r\n    <div class=\"kpi\"><div class=\"num\">03<\/div><div class=\"txt\">\u0627\u0644\u0625\u0637\u0644\u0627\u0642 \u0648\u0627\u0644\u0642\u064a\u0627\u0633 (Lancement &amp; Mesures)<\/div><\/div>\r\n    <div class=\"kpi\"><div class=\"num\">04<\/div><div class=\"txt\">\u0627\u0644\u062a\u062d\u0633\u064a\u0646 \u0627\u0644\u0645\u0633\u062a\u0645\u0631 (Optimisation Continue)<\/div><\/div>\r\n  <\/div>\r\n\r\n  <!-- CTA -->\r\n  <div class=\"alq-card\" style=\"margin-top:24px;text-align:center\">\r\n    <h3 class=\"alq-h3\">\u0647\u0644 \u062a\u0631\u063a\u0628 \u0641\u064a \u062f\u0631\u0627\u0633\u0629 \u062d\u0627\u0644\u0629 \u0648\u0627\u0642\u0639\u064a\u0629 \u062e\u0627\u0635\u0629 \u0628\u0646\u0634\u0627\u0637\u0643\u061f<\/h3>\r\n    <p>\u0646\u064f\u0639\u0650\u062f\u0651 \u0644\u0643 \u062e\u0637\u0629 \u0639\u0645\u0644 \u0645\u0635\u063a\u0651\u0631\u0629 \u0648\u0645\u064f\u062f\u0639\u0651\u064e\u0645\u0629 \u0628\u0627\u0644\u0623\u0631\u0642\u0627\u0645 (\u0645\u062c\u0627\u0646\u064b\u0627) \u062e\u0644\u0627\u0644 \u0664\u0668 \u0633\u0627\u0639\u0629.<\/p>\r\n    <p>\r\n      <a class=\"alq-btn alq-btn--primary\" href=\"\/ar\/audit-gratuit\/#audit-form\">Recevoir un mini plan<\/a>\r\n      <a class=\"alq-btn alq-btn--gold\" target=\"_blank\" rel=\"noopener\"\r\n         href=\"https:\/\/wa.me\/2694308800?text=Bonjour%2C%20je%20souhaite%20un%20mini%20plan%20d%E2%80%99actions%20sur%20mon%20cas.\">\r\n        \u062a\u0648\u0627\u0635\u0644 \u0628\u0627\u0644\u0648\u0627\u062a\u0633\u0627\u0628\r\n      <\/a>\r\n    <\/p>\r\n  <\/div>\r\n\r\n<\/section>\r\n\t\t\t\t<\/div>\n\t\t\t\t\t<\/div>\n\t\t\t\t<\/div>\n\t\t\t\t<\/div>","protected":false},"excerpt":{"rendered":"<p>Nos R\u00e9alisations Des projets qui t\u00e9moignent de notre passion, de notre cr\u00e9ativit\u00e9 et de notre engagement. Chez Alqamar Digital, chaque projet est une histoire de collaboration, d\u2019innovation et de r\u00e9ussite. Nous accompagnons entreprises, institutions et entrepreneurs pour transformer leurs id\u00e9es en r\u00e9sultats concrets. \ud83d\udcbc Projets r\u00e9alis\u00e9s 1) Cr\u00e9ation de sites web professionnels Sites modernes, responsives [&hellip;]<\/p>","protected":false},"author":1,"featured_media":0,"parent":0,"menu_order":0,"comment_status":"closed","ping_status":"closed","template":"","meta":{"footnotes":""},"class_list":["post-65","page","type-page","status-publish","hentry"],"_hostinger_reach_plugin_has_subscription_block":false,"_hostinger_reach_plugin_is_elementor":false,"_links":{"self":[{"href":"https:\/\/alqamarmarkt.com\/ar\/wp-json\/wp\/v2\/pages\/65","targetHints":{"allow":["GET"]}}],"collection":[{"href":"https:\/\/alqamarmarkt.com\/ar\/wp-json\/wp\/v2\/pages"}],"about":[{"href":"https:\/\/alqamarmarkt.com\/ar\/wp-json\/wp\/v2\/types\/page"}],"author":[{"embeddable":true,"href":"https:\/\/alqamarmarkt.com\/ar\/wp-json\/wp\/v2\/users\/1"}],"replies":[{"embeddable":true,"href":"https:\/\/alqamarmarkt.com\/ar\/wp-json\/wp\/v2\/comments?post=65"}],"version-history":[{"count":19,"href":"https:\/\/alqamarmarkt.com\/ar\/wp-json\/wp\/v2\/pages\/65\/revisions"}],"predecessor-version":[{"id":337,"href":"https:\/\/alqamarmarkt.com\/ar\/wp-json\/wp\/v2\/pages\/65\/revisions\/337"}],"wp:attachment":[{"href":"https:\/\/alqamarmarkt.com\/ar\/wp-json\/wp\/v2\/media?parent=65"}],"curies":[{"name":"wp","href":"https:\/\/api.w.org\/{rel}","templated":true}]}}