{"id":48,"date":"2025-09-24T05:57:43","date_gmt":"2025-09-24T05:57:43","guid":{"rendered":"https:\/\/alqamarmarkt.com\/?page_id=48"},"modified":"2025-10-01T13:13:46","modified_gmt":"2025-10-01T10:13:46","slug":"services","status":"publish","type":"page","link":"https:\/\/alqamarmarkt.com\/ar\/services\/","title":{"rendered":"\u0627\u0644\u062e\u062f\u0645\u0627\u062a"},"content":{"rendered":"<div data-elementor-type=\"wp-page\" data-elementor-id=\"48\" class=\"elementor elementor-48\">\n\t\t\t\t<div class=\"elementor-element elementor-element-bdc29e6 e-flex e-con-boxed e-con e-parent\" data-id=\"bdc29e6\" data-element_type=\"container\" data-settings=\"{&quot;background_background&quot;:&quot;classic&quot;}\">\n\t\t\t\t\t<div class=\"e-con-inner\">\n\t\t\t\t<div class=\"elementor-element elementor-element-bcf49cd elementor-widget elementor-widget-html\" data-id=\"bcf49cd\" data-element_type=\"widget\" data-widget_type=\"html.default\">\n\t\t\t\t\t<section class=\"container-1200\" style=\"padding:40px 0\">\r\n  <h1 class=\"alq-h1\">\u062e\u062f\u0645\u0627\u062a\u0646\u0627<\/h1>\r\n  <div class=\"grid-3\">\r\n    <div class=\"alq-card\"><h3 class=\"alq-h3\">\u0627\u0644\u062a\u062f\u0631\u064a\u0628 \u0648\u0627\u0644\u0625\u0631\u0634\u0627\u062f<\/h3><p>\u0648\u0631\u0634 \u0639\u0645\u0644\u060c \u062a\u0639\u0644\u0651\u0645 \u0625\u0644\u0643\u062a\u0631\u0648\u0646\u064a\u060c \u0648\u0625\u0631\u0634\u0627\u062f \u0641\u0631\u062f\u064a<\/p><\/div>\r\n    <div class=\"alq-card\"><h3 class=\"alq-h3\">\u0645\u0648\u0627\u0642\u0639 \u0627\u0644\u0648\u064a\u0628 \u0648\u0627\u0644\u062a\u062c\u0627\u0631\u0629 \u0627\u0644\u0625\u0644\u0643\u062a\u0631\u0648\u0646\u064a\u0629<\/h3><p>\u0648\u0648\u0631\u062f\u0628\u0631\u064a\u0633\/Elementor\u060c UX\/UI\u060c SEO\u060c \u0627\u0644\u062f\u0641\u0639 \u0627\u0644\u0627\u0644\u0643\u062a\u0631\u0648\u0646\u064a<\/p><\/div>\r\n    <div class=\"alq-card\"><h3 class=\"alq-h3\">\u0627\u0644\u062a\u0633\u0648\u064a\u0642 \u0627\u0644\u0631\u0642\u0645\u064a<\/h3><p>\u0648\u0633\u0627\u0626\u0644 \u0627\u0644\u062a\u0648\u0627\u0635\u0644\u060c \u0627\u0644\u0625\u0639\u0644\u0627\u0646\u0627\u062a\u060c \u0648\u0645\u062d\u062a\u0648\u0649<\/p><\/div>\r\n    <div class=\"alq-card\"><h3 class=\"alq-h3\">\u0627\u0644\u062a\u0631\u062c\u0645\u0629 \u0648\u0627\u0644\u0645\u062d\u062a\u0648\u0649<\/h3><p>\u062a\u0639\u0631\u064a\u0628 \u0648\u0645\u0648\u0627\u0621\u0645\u0629\u060c \u0646\u0635\u0648\u0635 \u062a\u0633\u0648\u064a\u0642\u064a\u0629\u060c \u0648\u0646\u0635\u0648\u0635 \u0641\u064a\u062f\u064a\u0648<\/p><\/div>\r\n    <div class=\"alq-card\"><h3 class=\"alq-h3\">\u0642\u0648\u0627\u0639\u062f \u0627\u0644\u0628\u064a\u0627\u0646\u0627\u062a<\/h3><p>\u0646\u0645\u0630\u062c\u0629\u060c \u062a\u0643\u0627\u0645\u0644\u060c \u0648\u0644\u0648\u062d\u0627\u062a \u0645\u0639\u0644\u0648\u0645\u0627\u062a<\/p><\/div>\r\n    <div class=\"alq-card\"><h3 class=\"alq-h3\">\u0627\u0644\u0647\u0648\u064a\u0629 \u0627\u0644\u0628\u0635\u0631\u064a\u0629<\/h3><p>\u0634\u0639\u0627\u0631\u0627\u062a\u060c \u0623\u062f\u0644\u0629 \u0628\u0635\u0631\u064a\u0629\u060c \u0648\u0641\u064a\u062f\u064a\u0648\u0647\u0627\u062a<\/p><\/div>\r\n  <\/div>\r\n<\/section>\r\n\t\t\t\t<\/div>\n\t\t\t\t\t<\/div>\n\t\t\t\t<\/div>\n\t\t\t\t<\/div>","protected":false},"excerpt":{"rendered":"<p>Nos Services Formation &#038; coaching Ateliers, e-learning, coaching 1:1. Sites web &#038; e-commerce WordPress\/Elementor, UX\/UI, SEO, paiements. Marketing digital Social media, Ads, contenus FR\/EN\/AR. Traduction &#038; contenu Localisation, scripts vid\u00e9o. Bases de donn\u00e9es Mod\u00e9lisation, int\u00e9gration, dashboards. Identit\u00e9 visuelle Logos, chartes, vid\u00e9os.<\/p>","protected":false},"author":1,"featured_media":0,"parent":0,"menu_order":0,"comment_status":"closed","ping_status":"closed","template":"","meta":{"footnotes":""},"class_list":["post-48","page","type-page","status-publish","hentry"],"_hostinger_reach_plugin_has_subscription_block":false,"_hostinger_reach_plugin_is_elementor":false,"_links":{"self":[{"href":"https:\/\/alqamarmarkt.com\/ar\/wp-json\/wp\/v2\/pages\/48","targetHints":{"allow":["GET"]}}],"collection":[{"href":"https:\/\/alqamarmarkt.com\/ar\/wp-json\/wp\/v2\/pages"}],"about":[{"href":"https:\/\/alqamarmarkt.com\/ar\/wp-json\/wp\/v2\/types\/page"}],"author":[{"embeddable":true,"href":"https:\/\/alqamarmarkt.com\/ar\/wp-json\/wp\/v2\/users\/1"}],"replies":[{"embeddable":true,"href":"https:\/\/alqamarmarkt.com\/ar\/wp-json\/wp\/v2\/comments?post=48"}],"version-history":[{"count":10,"href":"https:\/\/alqamarmarkt.com\/ar\/wp-json\/wp\/v2\/pages\/48\/revisions"}],"predecessor-version":[{"id":208,"href":"https:\/\/alqamarmarkt.com\/ar\/wp-json\/wp\/v2\/pages\/48\/revisions\/208"}],"wp:attachment":[{"href":"https:\/\/alqamarmarkt.com\/ar\/wp-json\/wp\/v2\/media?parent=48"}],"curies":[{"name":"wp","href":"https:\/\/api.w.org\/{rel}","templated":true}]}}