{"id":26,"date":"2025-09-23T12:36:47","date_gmt":"2025-09-23T12:36:47","guid":{"rendered":"https:\/\/alqamarmarkt.com\/?page_id=26"},"modified":"2025-11-05T09:43:05","modified_gmt":"2025-11-05T06:43:05","slug":"audit-gratuit","status":"publish","type":"page","link":"https:\/\/alqamarmarkt.com\/ar\/audit-gratuit\/","title":{"rendered":"\u062a\u0642\u064a\u064a\u0645 \u0645\u062c\u0627\u0646\u064a"},"content":{"rendered":"<div data-elementor-type=\"wp-page\" data-elementor-id=\"26\" class=\"elementor elementor-26\">\n\t\t\t\t<div class=\"elementor-element elementor-element-8026b45 e-flex e-con-boxed e-con e-parent\" data-id=\"8026b45\" data-element_type=\"container\">\n\t\t\t\t\t<div class=\"e-con-inner\">\n\t\t\t\t<div class=\"elementor-element elementor-element-6ef2385 elementor-widget elementor-widget-html\" data-id=\"6ef2385\" data-element_type=\"widget\" data-widget_type=\"html.default\">\n\t\t\t\t\t<section class=\"container-1200\" style=\"padding:56px 0\">\r\n  <!-- HERO -->\r\n  <div class=\"grid-2\">\r\n    <div class=\"alq-card\">\r\n      <h1 class=\"alq-h1\">\u0627\u062d\u0635\u0644 \u0639\u0644\u0649 \u062a\u0642\u064a\u064a\u0645 \u0631\u0642\u0645\u064a \u0645\u062c\u0627\u0646\u064a<\/h1>\r\n      <p style=\"font-size:18px;opacity:.92\">\r\n        \u062a\u062d\u0644\u064a\u0644 \u0633\u0631\u064a\u0639 \u0644\u062d\u0636\u0648\u0631\u0643 \u0627\u0644\u0631\u0642\u0645\u064a + \u062e\u0637\u0629 \u0639\u0645\u0644 \u0645\u064f\u0646\u0638\u0651\u064e\u0645\u0629 \u062e\u0644\u0627\u0644 24\u201348 \u0633\u0627\u0639\u0629\n(\u0627\u0644\u0645\u0648\u0642\u0639\u060c \u062a\u062d\u0633\u064a\u0646 \u0645\u062d\u0631\u0643\u0627\u062a \u0627\u0644\u0628\u062d\u062b\u060c \u0634\u0628\u0643\u0627\u062a \u0627\u0644\u062a\u0648\u0627\u0635\u0644\u060c \u0627\u0644\u0625\u0639\u0644\u0627\u0646\u0627\u062a).\r\n      <\/p>\r\n      <p>\r\n        <a class=\"alq-btn alq-btn--primary\" href=\"#audit-form\">Demander mon audit<\/a>\r\n        <a class=\"alq-btn alq-btn--gold\" href=\"https:\/\/wa.me\/2694308800?text=Bonjour%20je%20souhaite%20un%20audit%20gratuit\" target=\"_blank\" rel=\"noopener\">WhatsApp<\/a>\r\n      <\/p>\r\n      <div class=\"grid-4\" style=\"margin-top:10px\">\r\n        <div class=\"kpi\"><div class=\"num\">Gratuit<\/div><div class=\"txt\">Sans engagement<\/div><\/div>\r\n        <div class=\"kpi\"><div class=\"num\">48h<\/div><div class=\"txt\">D\u00e9lai de livraison<\/div><\/div>\r\n        <div class=\"kpi\"><div class=\"num\">\u0663 \u0644\u063a\u0627\u062a<\/div><div class=\"txt\">\u0627\u0644\u0641\u0631\u0646\u0633\u064a\u0629 \u2022 \u0627\u0644\u0625\u0646\u062c\u0644\u064a\u0632\u064a\u0629 \u2022 \u0627\u0644\u0639\u0631\u0628\u064a\u0629<\/div><\/div>\r\n        <div class=\"kpi\"><div class=\"num\">Priorit\u00e9s<\/div><div class=\"txt\">Roadmap 30\u201360 j<\/div><\/div>\r\n      <\/div>\r\n    <\/div>\r\n\r\n    <!-- COLONNE FORMULAIRE -->\r\n    <div id=\"audit-form\" class=\"alq-card alq-card--dark\">\r\n      <h2 class=\"alq-h2\" style=\"margin-bottom:8px\">\u0646\u0645\u0648\u0630\u062c \u0627\u0644\u062a\u0642\u064a\u064a\u0645<\/h2>\r\n      <p style=\"opacity:.9;margin-top:-6px\">\u064a\u0631\u062c\u0649 \u0645\u0644\u0621 \u0647\u0630\u0627 \u0627\u0644\u0646\u0645\u0648\u0630\u062c\u060c \u0648\u0633\u0646\u0639\u0627\u0648\u062f \u0627\u0644\u062a\u0648\u0627\u0635\u0644 \u0645\u0639\u0643 \u062e\u0644\u0627\u0644 24 \u0625\u0644\u0649 48 \u0633\u0627\u0639\u0629.<\/p>\r\n\r\n      <style id=\"wpforms-css-vars-33\">\n\t\t\t\t#wpforms-33 {\n\t\t\t\t--wpforms-container-padding: 0px;\n--wpforms-container-border-width: 1px;\n--wpforms-container-border-radius: 3px;\n--wpforms-background-color: rgba(0, 0, 0, 0);\n--wpforms-field-size-input-height: 43px;\n--wpforms-field-size-input-spacing: 15px;\n--wpforms-field-size-font-size: 16px;\n--wpforms-field-size-line-height: 19px;\n--wpforms-field-size-padding-h: 14px;\n--wpforms-field-size-checkbox-size: 16px;\n--wpforms-field-size-sublabel-spacing: 5px;\n--wpforms-field-size-icon-size: 1;\n--wpforms-label-size-font-size: 16px;\n--wpforms-label-size-line-height: 19px;\n--wpforms-label-size-sublabel-font-size: 14px;\n--wpforms-label-size-sublabel-line-height: 17px;\n--wpforms-button-size-font-size: 17px;\n--wpforms-button-size-height: 41px;\n--wpforms-button-size-padding-h: 15px;\n--wpforms-button-size-margin-top: 10px;\n--wpforms-container-shadow-size-box-shadow: none;\n\t\t\t}\n\t\t\t<\/style><div class=\"wpforms-container wpforms-container-full wpforms-render-modern\" id=\"wpforms-33\"><form id=\"wpforms-form-33\" class=\"wpforms-validate wpforms-form wpforms-ajax-form\" data-formid=\"33\" method=\"post\" enctype=\"multipart\/form-data\" action=\"\/ar\/wp-json\/wp\/v2\/pages\/26\" data-token=\"f1ad9a30cee0c754b52823c33c4ed7f8\" data-token-time=\"1776349834\" data-trp-original-action=\"\/ar\/wp-json\/wp\/v2\/pages\/26\"><noscript class=\"wpforms-error-noscript\">Please enable JavaScript in your browser to complete this form.<\/noscript><div id=\"wpforms-error-noscript\" style=\"display: none;\">Please enable JavaScript in your browser to complete this form.<\/div><div class=\"wpforms-field-container\">\t\t<div id=\"wpforms-33-field_1-container\"\n\t\t\tclass=\"wpforms-field wpforms-field-text\"\n\t\t\tdata-field-type=\"text\"\n\t\t\tdata-field-id=\"1\"\n\t\t\t>\n\t\t\t<label class=\"wpforms-field-label\" for=\"wpforms-33-field_1\" >Pr\u00e9nom E-mail et<\/label>\n\t\t\t<input type=\"text\" id=\"wpforms-33-field_1\" class=\"wpforms-field-medium\" name=\"wpforms[fields][1]\" >\n\t\t<\/div>\n\t\t<div id=\"wpforms-33-field_5-container\" class=\"wpforms-field wpforms-field-name\" data-field-id=\"5\"><label class=\"wpforms-field-label\" for=\"wpforms-33-field_5\">\u0627\u0644\u0627\u0633\u0645 \u0627\u0644\u0643\u0627\u0645\u0644 <span class=\"wpforms-required-label\" aria-hidden=\"true\">*<\/span><\/label><input type=\"text\" id=\"wpforms-33-field_5\" class=\"wpforms-field-medium wpforms-field-required\" name=\"wpforms[fields][5]\" aria-errormessage=\"wpforms-33-field_5-error\" aria-describedby=\"wpforms-33-field_5-description\" required><div id=\"wpforms-33-field_5-description\" class=\"wpforms-field-description\">\u0627\u0644\u0627\u0633\u0645 \u0627\u0644\u0643\u0627\u0645\u0644<\/div><\/div><div id=\"wpforms-33-field_2-container\" class=\"wpforms-field wpforms-field-email\" data-field-id=\"2\"><label class=\"wpforms-field-label\" for=\"wpforms-33-field_2\">\u0627\u0644\u0625\u064a\u0645\u064a\u0644 <span class=\"wpforms-required-label\" aria-hidden=\"true\">*<\/span><\/label><input type=\"email\" id=\"wpforms-33-field_2\" class=\"wpforms-field-medium wpforms-field-required\" name=\"wpforms[fields][2]\" spellcheck=\"false\" aria-errormessage=\"wpforms-33-field_2-error\" aria-describedby=\"wpforms-33-field_2-description\" required><div id=\"wpforms-33-field_2-description\" class=\"wpforms-field-description\">\u0645\u062b\u0644\u0627\u064b: [name@domain.com](mailto:name@domain.com)<\/div><\/div><div id=\"wpforms-33-field_4-container\" class=\"wpforms-field wpforms-field-number\" data-field-id=\"4\"><label class=\"wpforms-field-label\" for=\"wpforms-33-field_4\">\u0631\u0642\u0645 \u0627\u0644\u0647\u0627\u062a\u0641 <span class=\"wpforms-required-label\" aria-hidden=\"true\">*<\/span><\/label><input type=\"number\" id=\"wpforms-33-field_4\" class=\"wpforms-field-medium wpforms-field-required\" name=\"wpforms[fields][4]\" step=\"any\" aria-errormessage=\"wpforms-33-field_4-error\" aria-describedby=\"wpforms-33-field_4-description\" required><div id=\"wpforms-33-field_4-description\" class=\"wpforms-field-description\">\u0627\u0644\u0647\u0627\u062a\u0641 \/ \u0648\u0627\u062a\u0633\u0627\u0628 \u0645\u062b\u0627\u0644: \u200e+33 6 12 34 56 78\u200e<\/div><\/div><div id=\"wpforms-33-field_3-container\" class=\"wpforms-field wpforms-field-textarea\" data-field-id=\"3\"><label class=\"wpforms-field-label\" for=\"wpforms-33-field_3\">\u0627\u0644\u0631\u0633\u0627\u0644\u0629 <span class=\"wpforms-required-label\" aria-hidden=\"true\">*<\/span><\/label><textarea id=\"wpforms-33-field_3\" class=\"wpforms-field-medium wpforms-field-required\" name=\"wpforms[fields][3]\" aria-errormessage=\"wpforms-33-field_3-error\" aria-describedby=\"wpforms-33-field_3-description\" required><\/textarea><div id=\"wpforms-33-field_3-description\" class=\"wpforms-field-description\">\u0635\u0641 \u0628\u0627\u062e\u062a\u0635\u0627\u0631 \u0627\u062d\u062a\u064a\u0627\u062c\u0643 (\u0645\u0648\u0642\u0639\u060c \u062a\u062d\u0633\u064a\u0646 SEO\u060c \u0625\u0639\u0644\u0627\u0646\u0627\u062a\u060c \u0644\u063a\u0627\u062a\u2026).<\/div><\/div><script>\n\t\t\t\t( function() {\n\t\t\t\t\tconst style = document.createElement( 'style' );\n\t\t\t\t\tstyle.appendChild( document.createTextNode( '#wpforms-33-field_1-container { position: absolute !important; overflow: hidden !important; display: inline !important; height: 1px !important; width: 1px !important; z-index: -1000 !important; padding: 0 !important; } #wpforms-33-field_1-container input { visibility: hidden; } #wpforms-conversational-form-page #wpforms-33-field_1-container label { counter-increment: none; }' ) );\n\t\t\t\t\tdocument.head.appendChild( style );\n\t\t\t\t\tdocument.currentScript?.remove();\n\t\t\t\t} )();\n\t\t\t<\/script><\/div><!-- .wpforms-field-container --><div class=\"wpforms-submit-container\" ><input type=\"hidden\" name=\"wpforms[id]\" value=\"33\"><input type=\"hidden\" name=\"page_title\" value=\"\"><input type=\"hidden\" name=\"page_url\" value=\"https:\/\/alqamarmarkt.com\/ar\/wp-json\/wp\/v2\/pages\/26\"><input type=\"hidden\" name=\"url_referer\" value=\"\"><button type=\"submit\" name=\"wpforms[submit]\" id=\"wpforms-submit-33\" class=\"wpforms-submit\" data-alt-text=\"Sending...\" data-submit-text=\"Envoyer la demande\" aria-live=\"assertive\" value=\"wpforms-submit\">\u0625\u0631\u0633\u0627\u0644 \u0627\u0644\u0637\u0644\u0628<\/button><img decoding=\"async\" src=\"https:\/\/alqamarmarkt.com\/wp-content\/plugins\/wpforms-lite\/assets\/images\/submit-spin.svg\" class=\"wpforms-submit-spinner\" style=\"display: none;\" width=\"26\" height=\"26\" alt=\"Loading\"><\/div><input type=\"hidden\" name=\"trp-form-language\" value=\"ar\"\/><\/form><\/div>  <!-- .wpforms-container -->\r\n\r\n      <p style=\"font-size:13px;opacity:.75;margin-top:10px\">\r\n        \u0628\u0625\u0631\u0633\u0627\u0644 \u0647\u0630\u0627 \u0627\u0644\u0646\u0645\u0648\u0630\u062c\u060c \u0641\u0625\u0646\u0643 \u062a\u0648\u0627\u0641\u0642 \u0639\u0644\u0649 \u0633\u064a\u0627\u0633\u0629 \u0627\u0644\u062e\u0635\u0648\u0635\u064a\u0629 \u0627\u0644\u062e\u0627\u0635\u0629 \u0628\u0646\u0627.\r\n      <\/p>\r\n    <\/div>\r\n  <\/div>\r\n\r\n  <!-- PROCESSUS -->\r\n  <div class=\"grid-4\" style=\"margin-top:28px\">\r\n    <div class=\"alq-card\"><b>\u0661) \u0627\u0644\u062a\u062d\u0644\u064a\u0644<\/b><br>\u062a\u062d\u0644\u064a\u0644 \u062a\u0642\u0646\u064a \u0648\u062a\u062c\u0631\u0628\u0629 \u0627\u0644\u0645\u0633\u062a\u062e\u062f\u0645 \u0644\u0644\u0645\u0648\u0642\u0639\u060c \u0648\u062a\u062d\u0633\u064a\u0646 \u0645\u062d\u0631\u0643\u0627\u062a \u0627\u0644\u0628\u062d\u062b\u060c \u0648\u0627\u0644\u0634\u0628\u0643\u0627\u062a \u0627\u0644\u0627\u062c\u062a\u0645\u0627\u0639\u064a\u0629\u060c \u0648\u0627\u0644\u0625\u0639\u0644\u0627\u0646\u0627\u062a.<\/div>\r\n    <div class=\"alq-card\"><b>2. \u0627\u0644\u062a\u0642\u064a\u064a\u0645<\/b><br>\u062a\u0642\u064a\u064a\u0645 \u0645\u064f\u062f\u0631\u0651\u064e\u062c + \u062a\u062d\u062f\u064a\u062f \u0646\u0642\u0627\u0637 \u0627\u0644\u0642\u0648\u0629 \u0648\u0627\u0644\u0636\u0639\u0641.<\/div>\r\n    <div class=\"alq-card\"><b>\u062e\u0637\u0629 \u0639\u0645\u0644 \u0648\u0627\u0636\u062d\u0629 \u0648\u0645\u062d\u062f\u062f\u0629.<\/b><br>\u0625\u0646\u062c\u0627\u0632\u0627\u062a \u0633\u0631\u064a\u0639\u0629 (\u0645\u0646 7 \u0625\u0644\u0649 14 \u064a\u0648\u0645\u064b\u0627) \u0648\u0623\u0648\u0644\u0648\u064a\u0627\u062a \u0639\u0645\u0644 (\u0645\u0646 30 \u0625\u0644\u0649 60 \u064a\u0648\u0645\u064b\u0627).<\/div>\r\n    <div class=\"alq-card\"><b>4) \u0627\u0644\u0645\u062a\u0627\u0628\u0639\u0629<\/b><br>\u0645\u0643\u0627\u0644\u0645\u0629 \u0645\u062c\u0627\u0646\u064a\u0629 \u0644\u0645\u062f\u0629 20 \u062f\u0642\u064a\u0642\u0629 \u0644\u0634\u0631\u062d \u0627\u0644\u062e\u0637\u0648\u0627\u062a \u0648\u0627\u0644\u0625\u062c\u0631\u0627\u0621\u0627\u062a.<\/div>\r\n  <\/div>\r\n\r\n  <!-- FAQ simple -->\r\n  <div class=\"alq-card alq-card--dark\" style=\"margin-top:28px\">\r\n    <h2 class=\"alq-h2\">FAQ<\/h2>\r\n    <p><b>L\u2019audit est-il vraiment gratuit ?<\/b><br>Oui, vous recevez un document synth\u00e8se sans frais.<\/p>\r\n    <p><b>Que contient-il ?<\/b><br>\u00c9tat du site (vitesse\/UX), SEO, r\u00e9seaux, ads, recommandations class\u00e9es par priorit\u00e9.<\/p>\r\n    <p><b>Combien de temps ?<\/b><br>24\u201348h selon la charge.<\/p>\r\n\r\n<\/section>\r\n\t\t\t\t<\/div>\n\t\t\t\t\t<\/div>\n\t\t\t\t<\/div>\n\t\t\t\t<\/div>","protected":false},"excerpt":{"rendered":"<p>Obtenez un Audit Digital Gratuit Analyse rapide de votre pr\u00e9sence en ligne + plan d\u2019action prioris\u00e9 en 24\u201348h (site, SEO, r\u00e9seaux, publicit\u00e9s). Demander mon audit WhatsApp GratuitSans engagement 48hD\u00e9lai de livraison 3 languesFR \u2022 EN \u2022 AR Priorit\u00e9sRoadmap 30\u201360 j Formulaire d\u2019audit Remplissez ce formulaire, nous revenons vers vous sous 24\u201348h. En soumettant ce formulaire, [&hellip;]<\/p>","protected":false},"author":1,"featured_media":0,"parent":0,"menu_order":0,"comment_status":"closed","ping_status":"closed","template":"elementor_header_footer","meta":{"footnotes":""},"class_list":["post-26","page","type-page","status-publish","hentry"],"_hostinger_reach_plugin_has_subscription_block":false,"_hostinger_reach_plugin_is_elementor":false,"_links":{"self":[{"href":"https:\/\/alqamarmarkt.com\/ar\/wp-json\/wp\/v2\/pages\/26","targetHints":{"allow":["GET"]}}],"collection":[{"href":"https:\/\/alqamarmarkt.com\/ar\/wp-json\/wp\/v2\/pages"}],"about":[{"href":"https:\/\/alqamarmarkt.com\/ar\/wp-json\/wp\/v2\/types\/page"}],"author":[{"embeddable":true,"href":"https:\/\/alqamarmarkt.com\/ar\/wp-json\/wp\/v2\/users\/1"}],"replies":[{"embeddable":true,"href":"https:\/\/alqamarmarkt.com\/ar\/wp-json\/wp\/v2\/comments?post=26"}],"version-history":[{"count":22,"href":"https:\/\/alqamarmarkt.com\/ar\/wp-json\/wp\/v2\/pages\/26\/revisions"}],"predecessor-version":[{"id":407,"href":"https:\/\/alqamarmarkt.com\/ar\/wp-json\/wp\/v2\/pages\/26\/revisions\/407"}],"wp:attachment":[{"href":"https:\/\/alqamarmarkt.com\/ar\/wp-json\/wp\/v2\/media?parent=26"}],"curies":[{"name":"wp","href":"https:\/\/api.w.org\/{rel}","templated":true}]}}