{"id":13,"date":"2025-09-23T11:56:13","date_gmt":"2025-09-23T11:56:13","guid":{"rendered":"https:\/\/alqamarmarkt.com\/?page_id=13"},"modified":"2025-10-15T13:49:52","modified_gmt":"2025-10-15T10:49:52","slug":"accueil","status":"publish","type":"page","link":"https:\/\/alqamarmarkt.com\/ar\/","title":{"rendered":"\u0627\u0644\u0631\u0626\u064a\u0633\u064a\u0629"},"content":{"rendered":"<div data-elementor-type=\"wp-page\" data-elementor-id=\"13\" class=\"elementor elementor-13\">\n\t\t\t\t<div class=\"elementor-element elementor-element-89fe369 e-flex e-con-boxed e-con e-parent\" data-id=\"89fe369\" data-element_type=\"container\" data-settings=\"{&quot;background_background&quot;:&quot;classic&quot;}\">\n\t\t\t\t\t<div class=\"e-con-inner\">\n\t\t\t\t<div class=\"elementor-element elementor-element-23f2688 elementor-widget elementor-widget-html\" data-id=\"23f2688\" data-element_type=\"widget\" data-widget_type=\"html.default\">\n\t\t\t\t\t<section class=\"container-1200\" style=\"padding:60px 0\">\r\n  <div class=\"grid-2\">\r\n    <div class=\"alq-card\">\r\n      <h1 class=\"alq-h1\">\u0648\u0643\u0627\u0644\u0629 \u0631\u0642\u0645\u064a\u0629 \u0639\u0627\u0644\u0645\u064a\u0629 \u0645\u062a\u0639\u062f\u062f\u0629 \u0627\u0644\u0644\u063a\u0627\u062a  <\/h1>\r\n      <p style=\"font-size:18px;opacity:.92\">\r\n        \u0646\u0633\u0627\u0639\u062f \u0631\u0648\u0651\u0627\u062f \u0627\u0644\u0623\u0639\u0645\u0627\u0644 \u0648\u0627\u0644\u0645\u0624\u0633\u0633\u0627\u062a \u0639\u0644\u0649 \u0627\u0644\u0646\u062c\u0627\u062d: \u0645\u0648\u0627\u0642\u0639 \u0648\u064a\u0628\u060c \u062a\u062c\u0627\u0631\u0629 \u0625\u0644\u0643\u062a\u0631\u0648\u0646\u064a\u0629\u060c \u062a\u0633\u0648\u064a\u0642 \u0631\u0642\u0645\u064a\u060c \u062a\u0631\u062c\u0645\u0629 \u0648\u0642\u0648\u0627\u0639\u062f \u0628\u064a\u0627\u0646\u0627\u062a\r\n      <\/p>\r\n      <p>\r\n        <a class=\"alq-btn alq-btn--primary\" href=\"\/ar\/audit-gratuit\/\">\u062a\u0642\u064a\u064a\u0645 \u0645\u062c\u0627\u0646\u064a<\/a>\r\n        <a class=\"alq-btn alq-btn--gold\" href=\"https:\/\/wa.me\/2694308800?text=Bonjour%20je%20souhaite%20un%20audit%20gratuit\" target=\"_blank\" rel=\"noopener\">WhatsApp<\/a>\r\n      <\/p>\r\n    <\/div>\r\n\r\n    <div class=\"alq-card alq-card--dark\" style=\"display:flex;align-items:center;\">\r\n      <div>\r\n        <h2 class=\"alq-h2\">\u0627\u0644\u062a\u0632\u0627\u0645\u0627\u062a\u0646\u0627<\/h2>\r\n        <ul>\r\n          <li><b>\u0627\u0644\u0627\u062d\u062a\u0631\u0627\u0641\u064a\u0629<\/b> \u062a\u0645\u064a\u0651\u0632\u060c \u062f\u0642\u0651\u0629\u060c \u0648\u0646\u062a\u0627\u0626\u062c \u0642\u0627\u0628\u0644\u0629 \u0644\u0644\u0642\u064a\u0627\u0633<\/li>\r\n          <li><b>\u0627\u0644\u0627\u0628\u062a\u0643\u0627\u0631<\/b> \u0648\u0627\u062c\u0647\u0627\u062a \u0648\u062a\u062c\u0627\u0631\u0628 \u0645\u0633\u062a\u062e\u062f\u0645 \u062d\u062f\u064a\u062b\u0629 \u0648\u062a\u0642\u0646\u064a\u0627\u062a \u0645\u0639\u0627\u0635\u0631\u0629<\/li>\r\n          <li><b>\u0627\u0644\u0645\u0648\u062b\u0648\u0642\u064a\u0629<\/b> \u0634\u0641\u0627\u0641\u064a\u0629\u060c \u0627\u062d\u062a\u0631\u0627\u0645 \u0627\u0644\u0645\u0648\u0627\u0639\u064a\u062f\u060c \u0648\u062f\u0639\u0645 \u0645\u062a\u0648\u0627\u0635\u0644<\/li>\r\n        <\/ul>\r\n      <\/div>\r\n    <\/div>\r\n  <\/div>\r\n<\/section>\r\n\r\n<style>\r\n\/* ========= Cartes (fond transparent ou semi-transparent) ========= *\/\r\n\r\n\/* Option A \u2014 totalement transparent (l\u2019image de fond est 100% visible) *\/\r\n.alq-card{\r\n  background: transparent !important;\r\n  box-shadow: none !important;\r\n  border: 0 !important;\r\n}\r\n\r\n\/* Option B \u2014 semi-transparent pour plus de lisibilit\u00e9.\r\n   \u279c Pour activer, commente Option A et d\u00e9commente ce bloc. *\/\r\n\/*\r\n.alq-card{\r\n  background: rgba(15,37,51,.78) !important;  \/* #0F2533 \u00e0 78% *\/\r\n  box-shadow: none !important;\r\n  border: 0 !important;\r\n  color: #fff;\r\n}\r\n*\/\r\n\r\n\/* Un peu d\u2019air + coins doux *\/\r\n.alq-card{ padding:28px; border-radius:24px; }\r\n\r\n\/* Harmonise la seconde carte si Option A est utilis\u00e9e *\/\r\n.alq-card--dark{ color:#fff; }\r\n\r\n\/* ========= Boutons (plus compacts & rectangulaires) ========= *\/\r\n.alq-btn{\r\n  display:inline-block;\r\n  font-weight:700;\r\n  font-size:15px;\r\n  line-height:1;\r\n  padding:10px 16px;\r\n  border-radius:6px;           \/* aspect plus rectangulaire *\/\r\n  text-decoration:none;\r\n  transition:transform .08s ease, opacity .2s ease;\r\n  margin-right:10px;\r\n}\r\n.alq-btn:active{ transform:translateY(1px); }\r\n\r\n\/* Couleurs (existant pr\u00e9sum\u00e9) \u2013 adapte si besoin *\/\r\n.alq-btn--primary{\r\n  background:#25D366;          \/* vert audit *\/\r\n  color:#072116;               \/* texte fonc\u00e9 *\/\r\n}\r\n.alq-btn--primary:hover{ opacity:.9; }\r\n\r\n.alq-btn--gold{\r\n  background:#f1c232;          \/* or *\/\r\n  color:#072116;\r\n}\r\n.alq-btn--gold:hover{ opacity:.9; }\r\n\r\n\/* ========= Responsive ========= *\/\r\n@media (max-width:1024px){\r\n  .alq-card{ padding:20px; border-radius:18px; }\r\n  .alq-btn{ font-size:14px; padding:9px 14px; }\r\n}\r\n@media (max-width:768px){\r\n  .alq-btn{ font-size:13px; padding:8px 12px; }\r\n}\r\n<\/style>\r\n\t\t\t\t<\/div>\n\t\t\t\t\t<\/div>\n\t\t\t\t<\/div>\n\t\t<div class=\"elementor-element elementor-element-f230cab e-flex e-con-boxed e-con e-parent\" data-id=\"f230cab\" data-element_type=\"container\">\n\t\t\t\t\t<div class=\"e-con-inner\">\n\t\t\t\t<div class=\"elementor-element elementor-element-d405145 elementor-widget elementor-widget-html\" data-id=\"d405145\" data-element_type=\"widget\" data-widget_type=\"html.default\">\n\t\t\t\t\t<section class=\"container-1200\" style=\"padding:40px 0\">\r\n  <style>\r\n    .service-grid{display:grid;gap:22px}\r\n    @media(min-width:768px){.service-grid{grid-template-columns:repeat(3,1fr)}}\r\n    .service-card{border-radius:22px;background:rgba(255,255,255,.04);padding:16px 16px 18px;border:1px solid rgba(255,255,255,.06)}\r\n    .service-thumb{position:relative;width:100%;aspect-ratio:16\/9;border-radius:16px;overflow:hidden;background:#0f1f2d}\r\n    .service-thumb img{width:100%;height:100%;object-fit:cover;display:block;transition:transform .45s ease}\r\n    .service-thumb:after{content:\"\";position:absolute;inset:0;background:linear-gradient(180deg,rgba(0,0,0,0) 55%,rgba(0,0,0,.15) 100%)}\r\n    .service-card:hover .service-thumb img{transform:scale(1.04)}\r\n    .service-title{margin:12px 4px 6px;font:600 20px\/1.3 var(--alq-font, ui-sans-serif);color:#fff}\r\n    .service-desc{margin:0 4px 2px;opacity:.9}\r\n  <\/style>\r\n\r\n  <h1 class=\"alq-h1\">\u062e\u062f\u0645\u0627\u062a\u0646\u0627<\/h1>\r\n\r\n  <div class=\"service-grid\">\r\n    <!-- 1) Formation & coaching -->\r\n    <article class=\"service-card\">\r\n      <div class=\"service-thumb\">\r\n        <img loading=\"lazy\" src=\"http:\/\/alqamarmarkt.com\/wp-content\/uploads\/2025\/10\/COACHING-IMAGE-1.png\"\r\n             alt=\"Formation & coaching \u2014 atelier pr\u00e9sentiel et e-learning\" width=\"1280\" height=\"720\" decoding=\"async\">\r\n      <\/div>\r\n      <h3 class=\"service-title\">\u0627\u0644\u062a\u062f\u0631\u064a\u0628 \u0648\u0627\u0644\u0625\u0631\u0634\u0627\u062f<\/h3>\r\n      <p class=\"service-desc\">\u0648\u0631\u0634 \u0639\u0645\u0644\u060c \u062a\u0639\u0644\u0651\u0645 \u0625\u0644\u0643\u062a\u0631\u0648\u0646\u064a\u060c \u0648\u0625\u0631\u0634\u0627\u062f \u0641\u0631\u062f\u064a<\/p>\r\n    <\/article>\r\n\r\n    <!-- 2) Sites web & e-commerce -->\r\n    <article class=\"service-card\">\r\n      <div class=\"service-thumb\">\r\n        <img loading=\"lazy\" src=\"http:\/\/alqamarmarkt.com\/wp-content\/uploads\/2025\/10\/SITEWEB-E-COMMERCE.png\"\r\n             alt=\"Sites web & e-commerce \u2014 maquettes UX\/UI et boutique en ligne\" width=\"1280\" height=\"720\" decoding=\"async\">\r\n      <\/div>\r\n      <h3 class=\"service-title\">\u0645\u0648\u0627\u0642\u0639 \u0627\u0644\u0648\u064a\u0628 \u0648\u0627\u0644\u062a\u062c\u0627\u0631\u0629 \u0627\u0644\u0625\u0644\u0643\u062a\u0631\u0648\u0646\u064a\u0629<\/h3>\r\n      <p class=\"service-desc\">\u0648\u0648\u0631\u062f\u0628\u0631\u064a\u0633\/Elementor\u060c UX\/UI\u060c SEO\u060c \u0627\u0644\u062f\u0641\u0639 \u0627\u0644\u0627\u0644\u0643\u062a\u0631\u0648\u0646\u064a<\/p>\r\n    <\/article>\r\n\r\n    <!-- 3) Marketing digital -->\r\n    <article class=\"service-card\">\r\n      <div class=\"service-thumb\">\r\n        <img loading=\"lazy\" src=\"http:\/\/alqamarmarkt.com\/wp-content\/uploads\/2025\/10\/MARKETING-DIGITAL.png\"\r\n             alt=\"Marketing digital \u2014 campagnes social ads et analytics\" width=\"1280\" height=\"720\" decoding=\"async\">\r\n      <\/div>\r\n      <h3 class=\"service-title\">\u0627\u0644\u062a\u0633\u0648\u064a\u0642 \u0627\u0644\u0631\u0642\u0645\u064a<\/h3>\r\n      <p class=\"service-desc\">\u0648\u0633\u0627\u0626\u0644 \u0627\u0644\u062a\u0648\u0627\u0635\u0644\u060c \u0627\u0644\u0625\u0639\u0644\u0627\u0646\u0627\u062a\u060c \u0648\u0645\u062d\u062a\u0648\u0649<\/p>\r\n    <\/article>\r\n\r\n    <!-- 4) Traduction & contenu -->\r\n    <article class=\"service-card\">\r\n      <div class=\"service-thumb\">\r\n        <img loading=\"lazy\" src=\"http:\/\/alqamarmarkt.com\/wp-content\/uploads\/2025\/10\/TRADUCTION-DE-CONTENU.png\"\r\n             alt=\"Traduction & contenu \u2014 r\u00e9daction multilingue et scripts vid\u00e9o\" width=\"1280\" height=\"720\" decoding=\"async\">\r\n      <\/div>\r\n      <h3 class=\"service-title\">\u0627\u0644\u062a\u0631\u062c\u0645\u0629 \u0648\u0627\u0644\u0645\u062d\u062a\u0648\u0649<\/h3>\r\n      <p class=\"service-desc\">\u062a\u0639\u0631\u064a\u0628 \u0648\u0645\u0648\u0627\u0621\u0645\u0629\u060c \u0646\u0635\u0648\u0635 \u062a\u0633\u0648\u064a\u0642\u064a\u0629\u060c \u0648\u0646\u0635\u0648\u0635 \u0641\u064a\u062f\u064a\u0648<\/p>\r\n    <\/article>\r\n\r\n    <!-- 5) Bases de donn\u00e9es -->\r\n    <article class=\"service-card\">\r\n      <div class=\"service-thumb\">\r\n        <img loading=\"lazy\" src=\"http:\/\/alqamarmarkt.com\/wp-content\/uploads\/2025\/10\/BASE-DE-DONNEE-MODELISATION.png\"\r\n             alt=\"Bases de donn\u00e9es \u2014 mod\u00e8les, int\u00e9gration, dashboards\" width=\"1280\" height=\"720\" decoding=\"async\">\r\n      <\/div>\r\n      <h3 class=\"service-title\">\u0642\u0648\u0627\u0639\u062f \u0627\u0644\u0628\u064a\u0627\u0646\u0627\u062a<\/h3>\r\n      <p class=\"service-desc\">\u0646\u0645\u0630\u062c\u0629\u060c \u062a\u0643\u0627\u0645\u0644\u060c \u0648\u0644\u0648\u062d\u0627\u062a \u0645\u0639\u0644\u0648\u0645\u0627\u062a<\/p>\r\n    <\/article>\r\n\r\n    <!-- 6) Identit\u00e9 visuelle -->\r\n    <article class=\"service-card\">\r\n      <div class=\"service-thumb\">\r\n        <img loading=\"lazy\" src=\"http:\/\/alqamarmarkt.com\/wp-content\/uploads\/2025\/10\/IDENTITE-VISUEL.png\"\r\n             alt=\"Identit\u00e9 visuelle \u2014 logos, chartes, vid\u00e9os\" width=\"1280\" height=\"720\" decoding=\"async\">\r\n      <\/div>\r\n      <h3 class=\"service-title\">\u0627\u0644\u0647\u0648\u064a\u0629 \u0627\u0644\u0628\u0635\u0631\u064a\u0629<\/h3>\r\n      <p class=\"service-desc\">\u0634\u0639\u0627\u0631\u0627\u062a\u060c \u0623\u062f\u0644\u0629 \u0628\u0635\u0631\u064a\u0629\u060c \u0648\u0641\u064a\u062f\u064a\u0648\u0647\u0627\u062a<\/p>\r\n    <\/article>\r\n  <\/div>\r\n<\/section>\r\n\t\t\t\t<\/div>\n\t\t\t\t\t<\/div>\n\t\t\t\t<\/div>\n\t\t<div class=\"elementor-element elementor-element-e6e4136 e-flex e-con-boxed e-con e-parent\" data-id=\"e6e4136\" data-element_type=\"container\">\n\t\t\t\t\t<div class=\"e-con-inner\">\n\t\t\t\t<div class=\"elementor-element elementor-element-a8cfff5 elementor-widget elementor-widget-html\" data-id=\"a8cfff5\" data-element_type=\"widget\" data-widget_type=\"html.default\">\n\t\t\t\t\t<section class=\"container-1200\" style=\"padding:20px 0\">\r\n  <div class=\"grid-4\">\r\n    <div class=\"kpi\"><div class=\"num\">\u0663 \u0644\u063a\u0627\u062a<\/div><div class=\"txt\">\u0627\u0644\u0641\u0631\u0646\u0633\u064a\u0629 \u2022 \u0627\u0644\u0625\u0646\u062c\u0644\u064a\u0632\u064a\u0629 \u2022 \u0627\u0644\u0639\u0631\u0628\u064a\u0629<\/div><\/div>\r\n    <div class=\"kpi\"><div class=\"num\">\u0661\u0660 \u062f\u0648\u0644<\/div><div class=\"txt\">\u0645\u0646\u0630 \u0627\u0644\u0633\u0646\u0629 \u0627\u0644\u0623\u0648\u0644\u0649<\/div><\/div>\r\n    <div class=\"kpi\"><div class=\"num\">\u0623\u0643\u062b\u0631 \u0645\u0646 \u0665\u0660 \u062f\u0648\u0631\u0629<\/div><div class=\"txt\">\u0645\u0646\u0635\u0629 \u0644\u0644\u062a\u0639\u0644\u0651\u0645 \u0627\u0644\u0625\u0644\u0643\u062a\u0631\u0648\u0646\u064a<\/div><\/div>\r\n    <div class=\"kpi\"><div class=\"num\">24\/7<\/div><div class=\"txt\">\u062f\u0639\u0645 \u0645\u062a\u0648\u0627\u0635\u0644 \u0644\u0644\u0639\u0645\u0644\u0627\u0621<\/div><\/div>\r\n  <\/div>\r\n\r\n  <div class=\"grid-3\" style=\"margin-top:22px\">\r\n    <div class=\"alq-card alq-card--dark\"><b>\u0641\u0627\u0637\u0645\u0629 \u0628\u0644\u0627\u0644<\/b><br>\u0641\u0631\u064a\u0642 \u0645\u062d\u062a\u0631\u0641 \u0644\u0644\u063a\u0627\u064a\u0629 \u0648\u0646\u062a\u064a\u062c\u0629 \u0645\u062a\u0642\u0646\u0629.<\/div>\r\n    <div class=\"alq-card alq-card--dark\"><b>\u064a\u0627\u0633\u064a\u0646 \u0643\u0627\u0645\u0644<\/b><br>\u0645\u062a\u062c\u0631\u064a \u0627\u0644\u0625\u0644\u0643\u062a\u0631\u0648\u0646\u064a \u0623\u0635\u0628\u062d \u0623\u0641\u0636\u0644<\/div>\r\n    <div class=\"alq-card alq-card--dark\"><b>\u0645\u0631\u064a\u0645 \u0639\u0644\u064a<\/b><br>\u062e\u062f\u0645\u0629 \u0645\u062a\u0639\u062f\u062f\u0629 \u0627\u0644\u0644\u063a\u0627\u062a \u0645\u0645\u062a\u0627\u0632\u0629<\/div>\r\n  <\/div>\r\n\r\n  <div class=\"alq-footer\">\u00a9 ALQAMAR DIGITAL \u2014 \u062c\u0645\u064a\u0639 \u0627\u0644\u062d\u0642\u0648\u0642 \u0645\u062d\u0641\u0648\u0638\u0629<\/div>\r\n<\/section>\r\n\t\t\t\t<\/div>\n\t\t\t\t\t<\/div>\n\t\t\t\t<\/div>\n\t\t<div class=\"elementor-element elementor-element-4d1a5a7 e-flex e-con-boxed e-con e-parent\" data-id=\"4d1a5a7\" data-element_type=\"container\">\n\t\t\t\t\t<div class=\"e-con-inner\">\n\t\t\t\t\t<\/div>\n\t\t\t\t<\/div>\n\t\t\t\t<\/div>","protected":false},"excerpt":{"rendered":"<p>Agence Digitale Internationale Multilingue Nous aidons entrepreneurs et organisations \u00e0 r\u00e9ussir : sites web, e-commerce, marketing digital, traduction et bases de donn\u00e9es. Audit Gratuit WhatsApp Nos engagements Professionnalisme \u2014 Excellence, rigueur et r\u00e9sultats mesurables Innovation \u2014 UI\/UX moderne, technologies r\u00e9centes Fiabilit\u00e9 \u2014 Transparence, d\u00e9lais respect\u00e9s, support continu Nos Services Formation &#038; coaching Ateliers, e-learning, coaching [&hellip;]<\/p>","protected":false},"author":1,"featured_media":0,"parent":0,"menu_order":0,"comment_status":"closed","ping_status":"closed","template":"elementor_header_footer","meta":{"footnotes":""},"class_list":["post-13","page","type-page","status-publish","hentry"],"_hostinger_reach_plugin_has_subscription_block":false,"_hostinger_reach_plugin_is_elementor":false,"_links":{"self":[{"href":"https:\/\/alqamarmarkt.com\/ar\/wp-json\/wp\/v2\/pages\/13","targetHints":{"allow":["GET"]}}],"collection":[{"href":"https:\/\/alqamarmarkt.com\/ar\/wp-json\/wp\/v2\/pages"}],"about":[{"href":"https:\/\/alqamarmarkt.com\/ar\/wp-json\/wp\/v2\/types\/page"}],"author":[{"embeddable":true,"href":"https:\/\/alqamarmarkt.com\/ar\/wp-json\/wp\/v2\/users\/1"}],"replies":[{"embeddable":true,"href":"https:\/\/alqamarmarkt.com\/ar\/wp-json\/wp\/v2\/comments?post=13"}],"version-history":[{"count":34,"href":"https:\/\/alqamarmarkt.com\/ar\/wp-json\/wp\/v2\/pages\/13\/revisions"}],"predecessor-version":[{"id":380,"href":"https:\/\/alqamarmarkt.com\/ar\/wp-json\/wp\/v2\/pages\/13\/revisions\/380"}],"wp:attachment":[{"href":"https:\/\/alqamarmarkt.com\/ar\/wp-json\/wp\/v2\/media?parent=13"}],"curies":[{"name":"wp","href":"https:\/\/api.w.org\/{rel}","templated":true}]}}